{"id":4414,"date":"2025-07-04T12:00:48","date_gmt":"2025-07-04T10:00:48","guid":{"rendered":"http:\/\/lzrnvvd.cluster121.hosting.ovh.net\/privacy-policy\/"},"modified":"2026-01-22T16:53:09","modified_gmt":"2026-01-22T15:53:09","slug":"privacy-policy","status":"publish","type":"page","link":"https:\/\/www.au-liegeur.com\/en\/privacy-policy\/","title":{"rendered":"Privacy policy"},"content":{"rendered":"\t\t<div data-elementor-type=\"wp-page\" data-elementor-id=\"4414\" class=\"elementor elementor-4414 elementor-1686\" data-elementor-post-type=\"page\">\n\t\t\t\t<div class=\"elementor-element elementor-element-bec4dc3 e-flex e-con-boxed e-con e-parent\" data-id=\"bec4dc3\" data-element_type=\"container\" data-e-type=\"container\" data-settings=\"{&quot;background_background&quot;:&quot;classic&quot;}\">\n\t\t\t\t\t<div class=\"e-con-inner\">\n\t\t<div class=\"elementor-element elementor-element-9b096e9 e-con-full animated-fast e-flex elementor-invisible e-con e-child\" data-id=\"9b096e9\" data-element_type=\"container\" data-e-type=\"container\" data-settings=\"{&quot;background_background&quot;:&quot;classic&quot;,&quot;animation&quot;:&quot;fadeIn&quot;}\">\n\t\t\t\t<div class=\"elementor-element elementor-element-28932bf elementor-widget elementor-widget-heading\" data-id=\"28932bf\" data-element_type=\"widget\" data-e-type=\"widget\" data-widget_type=\"heading.default\">\n\t\t\t\t\t<h1 class=\"elementor-heading-title elementor-size-default\">Privacy policy<\/h1>\t\t\t\t<\/div>\n\t\t\t\t<\/div>\n\t\t\t\t\t<\/div>\n\t\t\t\t<\/div>\n\t\t<div class=\"elementor-element elementor-element-13dcf78 e-flex e-con-boxed e-con e-parent\" data-id=\"13dcf78\" data-element_type=\"container\" data-e-type=\"container\">\n\t\t\t\t\t<div class=\"e-con-inner\">\n\t\t\t\t<div class=\"elementor-element elementor-element-58d2a01 elementor-widget elementor-widget-text-editor\" data-id=\"58d2a01\" data-element_type=\"widget\" data-e-type=\"widget\" data-widget_type=\"text-editor.default\">\n\t\t\t\t\t\t\t\t\t<p>La soci\u00e9t\u00e9 Au Li\u00e9geur s\u2019engage en faveur de la protection des donn\u00e9es personnelles et de la vie priv\u00e9e des Utilisateurs. \u00c0 ce titre, et en application du R\u00e8glement G\u00e9n\u00e9ral de Protection des Donn\u00e9es (ci-apr\u00e8s d\u00e9nomm\u00e9 \u00ab RGPD \u00bb), nous vous communiquons ci-apr\u00e8s les conditions dans lesquelles vos donn\u00e9es personnelles sont appel\u00e9es \u00e0 \u00eatre trait\u00e9es par nos soins. Cette charte s\u2019applique aux Informations que nous collectons sur vous lorsque :  <\/p><p>Vous \u00eates un Utilisateur de nos Services ;<br>Vous \u00eates un Visiteur de notre Site ;<br>Vous \u00eates un Client ou un Prospect de Au Li\u00e9geur.<\/p><p>Lesdites personnes sont ci-apr\u00e8s d\u00e9sign\u00e9es par le terme \u00ab Personnes concern\u00e9es \u00bb. Dans le plus grand souci de protection de vos donn\u00e9es personnelles, la soci\u00e9t\u00e9 Au Li\u00e9geur s\u2019efforce de mettre en place une Politique de Confidentialit\u00e9 compr\u00e9hensible, transparente et en accord avec le R\u00e8glement europ\u00e9en 2016\/679 dit r\u00e8glement g\u00e9n\u00e9ral sur la protection des donn\u00e9es (RGPD) et la l\u00e9gislation nationale (Loi informatique et Libert\u00e9s du 6 janvier 1978 modifi\u00e9e le 22 juin 2018). Nous pouvons changer cette Politique de Confidentialit\u00e9 \u00e0 tout moment si nous modifions la fa\u00e7on de traiter vos Informations. Nous vous informerons alors dans un d\u00e9lai raisonnable avant l\u2019entr\u00e9e en vigueur d\u2019une nouvelle version de la Politique de Confidentialit\u00e9, soit par l\u2019envoi d\u2019un email, soit par l\u2019envoi d\u2019une notification via la Plateforme soit par l\u2019affichage d\u2019un message sur notre Site.   <\/p><p><em>Date de la derni\u00e8re version : 12 novembre 2025<\/em><\/p><p>Responsable du traitement :<br>Au Li\u00e9geur<br>9, avenue du Mar\u00e9chal Leclerc &#8211; 40140 Soustons<br>T\u00e9l\u00e9phone : +33 (0)5 58 41 18 65<br><br><\/p><p><strong>Quelles donn\u00e9es personnelles traitons-nous ?<\/strong><\/p><p>La soci\u00e9t\u00e9 Au Li\u00e9geur est amen\u00e9e \u00e0 traiter les cat\u00e9gories de donn\u00e9es personnelles suivantes des Utilisateurs :<\/p><p>&#8211; Donn\u00e9es d\u2019identification : nom, pr\u00e9nom, adresse postale, adresse email, num\u00e9ro de t\u00e9l\u00e9phone<br>&#8211; Donn\u00e9es li\u00e9es \u00e0 la vie professionnelle : fonction, entreprise, niveau d\u2019exp\u00e9rience, curriculum vitae.<br>&#8211; Donn\u00e9es de connexion : logs, horodatage, parcours de navigation, type de navigateur.<br>&#8211; Donn\u00e9es de localisation : pays.<br>&#8211; Donn\u00e9es internet : adresse IP, langue de navigateur<\/p><p>Vos donn\u00e9es personnelles proviennent en principe directement de vous.<br>\u00c0 noter cependant que les donn\u00e9es personnelles suivantes nous ont \u00e9t\u00e9 transmises par Nomination, Linkedin, dans le cadre de notre prospection commerciale :<br>&#8211; Pour r\u00e9aliser des op\u00e9rations de mailing et phoning : int\u00e9r\u00eat l\u00e9gitime.<br>Source non accessible au public.<br>&#8211; Pour la r\u00e9alisation d\u2019op\u00e9rations techniques permettant de s\u00e9lectionner les personnes d\u00e9march\u00e9es, d\u2019enrichir la qualit\u00e9 de la base de donn\u00e9es de prospection (Ex : Normalisation, enrichissement, d\u00e9duplication) : int\u00e9r\u00eat l\u00e9gitime.<br>Source non accessible au public.<\/p><p>Au Li\u00e9geur ne traite que les donn\u00e9es personnelles strictement n\u00e9cessaires pour atteindre les finalit\u00e9s d\u00e9termin\u00e9es et l\u00e9gitimes d\u00e9finies dans les sections suivantes.<\/p><p>Au Li\u00e9geur ne traite ainsi aucune donn\u00e9e sensible telle que l\u2019origine raciale ou ethnique, les opinions politiques, les convictions religieuses ou philosophiques ou l\u2019appartenance syndicale des personnes concern\u00e9es. Il en est de m\u00eame concernant toute information sur la vie ou l\u2019orientation sexuelle, les donn\u00e9es g\u00e9n\u00e9tiques, biom\u00e9triques ou de sant\u00e9 des personnes concern\u00e9es. <br><br><\/p><p><strong>Pourquoi et comment traitons-nous vos donn\u00e9es personnelles ?<\/strong><\/p><p>Au Li\u00e9geur est amen\u00e9 \u00e0 traiter les donn\u00e9es personnelles des Personnes Concern\u00e9es pour ces objectifs :<\/p><p><em>Prospection commerciale<\/em><br>Objectifs et bases de lic\u00e9it\u00e9 :<\/p><p>&#8211; Pour r\u00e9pondre \u00e0 des demandes d\u2019information, de documentation ou de d\u00e9monstration (obligation pr\u00e9 contractuelle).<br>&#8211; Pour \u00e9mettre des offres de vente et contrats de vente (obligation pr\u00e9 contractuelle).<br>&#8211; Pour inviter les clients \u00e0 des \u00e9v\u00e9nements et organiser ces derniers (obligation contractuelle).<br>&#8211; Pour r\u00e9aliser des actions emailing et phoning (Prospection BtoB) (Int\u00e9r\u00eat l\u00e9gitime).<br>&#8211; Pour la r\u00e9alisation d\u2019op\u00e9rations techniques permettant de s\u00e9lectionner les personnes d\u00e9march\u00e9es, d\u2019enrichir la qualit\u00e9 de la base de donn\u00e9es de prospection (Ex : Normalisation, enrichissement, d\u00e9duplication) (Int\u00e9r\u00eat l\u00e9gitime).<br>&#8211; Pour la r\u00e9alisation de profils commerciaux (ex: scoring de maturit\u00e9) (Int\u00e9r\u00eat l\u00e9gitime).<br>&#8211; Pour \u00e9laborer des statistiques commerciales (Int\u00e9r\u00eat l\u00e9gitime).<br>&#8211; Pour disposer d\u2019un site internet pr\u00e9sentant les offres et services de l\u2019entreprise (Int\u00e9r\u00eat l\u00e9gitime)<br>&#8211; Pour suivre les visites et comportements des visiteurs du site Internet de l\u2019entreprise (Int\u00e9r\u00eat l\u00e9gitime).<br>&#8211; Pour afficher des vid\u00e9os sur le site internet de l\u2019entreprise (Int\u00e9r\u00eat l\u00e9gitime).<br>&#8211; Pour conserver vos choix en termes de consentement aux cookies au travers du service Complianz (Int\u00e9r\u00eat l\u00e9gitime).<br>&#8211; Pour identifier la provenance de visiteurs \u2013 Google Analytics &amp; Google Ads, Facebook, Linkedin, \u00e0 compl\u00e9ter \u2013 (Consentement).<br>Pour r\u00e9aliser des campagnes publicitaires de remarketing \u2013 Google Analytics &amp; Google Ads \u2013 (Consentement).<br>&#8211; Pour mesurer l\u2019audience et analyser le comportement des visiteurs du site \u2013 Google Analytics \u2013 (Consentement).<br>&#8211; Pour disposer des preuves en cas de contentieux ou de contr\u00f4le administratif (Int\u00e9r\u00eat l\u00e9gitime).<\/p><p>Dur\u00e9e de conservation : 3 ans \u00e0 compter du droit d\u2019opposition<br>Cat\u00e9gories de destinataires : Service commercial et Marketing ; Service contentieux<br>Sources des donn\u00e9es : Personnes concern\u00e9es<br>Caract\u00e8re obligatoire ou facultatif du recueil des donn\u00e9es et cons\u00e9quences en cas de non-fourniture des donn\u00e9es: N\u00e9cessaire pour la gestion commerciale de l\u2019entreprise et son d\u00e9veloppement<\/p><p><em>RGPD<\/em><br>Objectifs et bases de lic\u00e9it\u00e9 : R\u00e9pondre aux exercices de droits RGPD (obligation l\u00e9gale)<\/p><p>Dur\u00e9e de conservation :<br>3 ans apr\u00e8s la cl\u00f4ture d\u2019une demande d\u2019opposition (D\u00e9lai de prescription pour un d\u00e9lit)<br>1 an apr\u00e8s la cl\u00f4ture d\u2019une demande d\u2019acc\u00e8s, d\u2019effacement ou de rectification (D\u00e9lai de prescription pour une infraction)<\/p><p>Cat\u00e9gories de destinataires : CNIL ; Service en charge des demandes de droits RGPD ; Service en charge du contentieux<\/p><p>Sources des donn\u00e9es : Personnes concern\u00e9es<\/p><p>Caract\u00e8re obligatoire ou facultatif du recueil des donn\u00e9es et cons\u00e9quences en cas de non-fourniture des donn\u00e9es: n\u00e9cessaires pour la r\u00e9alisation des obligations l\u00e9gales en mati\u00e8re de d\u00e9clarations de violation et d\u2019exercice de droit<\/p><p>Au vu de la finalit\u00e9 de chaque traitement, Au Li\u00e9geur met en \u0153uvre les moyens n\u00e9cessaires pour que les donn\u00e9es personnelles ne soient accessibles que par ses services internes ayant \u00e0 en conna\u00eetre, des tiers destinataires d\u00e9sign\u00e9s par la Loi ou des sous-traitants n\u00e9cessaires pour r\u00e9aliser les traitements.<\/p><p>Au Li\u00e9geur conserve les donn\u00e9es collect\u00e9es le temps strictement n\u00e9cessaire pour atteindre la finalit\u00e9 de chaque traitement, sauf exception pr\u00e9vue par la Loi.<\/p><p>En application du RGPD, il se peut que vos donn\u00e9es puissent \u00eatre conserv\u00e9es par nos soins le temps que les d\u00e9lais de prescription d\u2019action en justice soient atteints. Le cas \u00e9ch\u00e9ant, seules les personnes en charge du contentieux au sein de l\u2019entreprise y ont acc\u00e8s. A l\u2019issue de ces d\u00e9lais, vos donn\u00e9es sont soit effac\u00e9es soit anonymis\u00e9es de fa\u00e7on irr\u00e9versible.  <br><br><\/p><p><strong>A qui sont transmises vos donn\u00e9es personnelles en dehors de l\u2019entreprise ?<\/strong><\/p><p>Au Li\u00e9geur est amen\u00e9 \u00e0 communiquer vos donn\u00e9es personnelles \u00e0 des organismes dans le cadre pr\u00e9vu par la Loi. Ces organismes destinataires sont indiqu\u00e9s ci-dessous. <\/p><p>Au Li\u00e9geur a recours \u00e0 des prestataires sous-traitants s\u00e9lectionn\u00e9s par ses soins pour r\u00e9aliser tout ou partie des traitements indiqu\u00e9s. A titre exceptionnel, Au Li\u00e9geur peut \u00eatre amen\u00e9 \u00e0 recourir \u00e0 des prestataires situ\u00e9s hors Union europ\u00e9enne. <\/p><p>Le cas \u00e9ch\u00e9ant, Au Li\u00e9geur s\u2019assure que le transfert de donn\u00e9es hors Union Europ\u00e9enne b\u00e9n\u00e9ficie des garanties de protection pr\u00e9vues par le RGPD.<\/p><p>Sous-traitant : CNIL<br>Cat\u00e9gorie : RGPD : D\u00e9claration DPO et violations<br>Pays : France<br>Type de garantie (si hors UE) : DPA et CCT<\/p><p>Sous-traitant : Complianz<br>Cat\u00e9gorie : CNIL : Gestion des cookies et recueil des consentements<br>Pays :Pays Bas<br>Type de garantie (si hors UE) : DPA et CCT<\/p><p>Sous-traitant : Google suite<br>Cat\u00e9gorie : Bon fonctionnement et usage des moyens informatiques<br>Pays : Union Europ\u00e9enne<br>Type de garantie (si hors UE) : DPA et CCT<\/p><p>Sous-traitant : Google Analytics<br>Cat\u00e9gorie : Bon fonctionnement et usage des moyens informatiques<br>Pays : \u00c9tats-Unis<br>Type de garantie (si hors UE) : DPA et CCT<br><br><\/p><p><strong>Quelles mesures de s\u00e9curit\u00e9 mettons-nous en place pour prot\u00e9ger vos donn\u00e9es ?<\/strong><\/p><p>Au Li\u00e9geur met en place toutes les mesures organisationnelles et techniques permettant d\u2019assurer un niveau appropri\u00e9 de s\u00e9curit\u00e9 \u00e0 vos donn\u00e9es personnelles, et notamment d\u2019\u00e9viter toute perte de confidentialit\u00e9, d\u2019int\u00e9grit\u00e9 ou d\u2019accessibilit\u00e9.<br><br><\/p><p><strong>Quels sont vos droits sur vos donn\u00e9es personnelles ?<\/strong><\/p><p>Vous pouvez exercer aupr\u00e8s de Au Li\u00e9geur les droits suivants sur vos donn\u00e9es personnelles :<\/p><p>Vous pouvez donner votre consentement au d\u00e9p\u00f4t de Cookie ou le retirer sur notre site, en cliquant sur \u00ab Pr\u00e9f\u00e9rence de consentement \u00bb, en bas \u00e0 droite de notre site internet.<br>&#8211; Un droit de rectification : vous avez le droit d\u2019obtenir la rectification des donn\u00e9es inexactes vous concernant. Vous avez \u00e9galement le droit de compl\u00e9ter les donn\u00e9es incompl\u00e8tes vous concernant, en fournissant une d\u00e9claration compl\u00e9mentaire. En cas d\u2019exercice de ce droit, nous nous engageons \u00e0 communiquer toute rectification \u00e0 l\u2019ensemble des destinataires de vos donn\u00e9es dans la mesure du possible.  <br>&#8211; Un droit d\u2019effacement : dans certains cas, vous avez le droit d\u2019obtenir l\u2019effacement de vos donn\u00e9es. Cependant, ceci n\u2019est pas un droit absolu et nous pouvons pour des raisons l\u00e9gales ou l\u00e9gitimes conserver ces donn\u00e9es.<br>Un droit \u00e0 la limitation du traitement : dans certains cas, vous avez le droit d\u2019obtenir la limitation du traitement sur vos donn\u00e9es.<br>&#8211; Un droit \u00e0 la portabilit\u00e9 de vos donn\u00e9es personnelles : vous avez le droit de recevoir vos donn\u00e9es que vous nous avez fournies, dans un format structur\u00e9, couramment utilis\u00e9 et lisible par une machine, pour votre usage personnel ou pour les transmettre \u00e0 un tiers de votre choix. Ce droit ne s\u2019applique que lorsque le traitement de vos donn\u00e9es est bas\u00e9 sur votre consentement, sur un contrat ou que ce traitement est effectu\u00e9 par des moyens automatis\u00e9s. Par ailleurs, il se peut que Au Li\u00e9geur refuse l\u2019exercice de ce droit s\u2019il n\u00e9cessitait des moyens techniques jug\u00e9s excessifs.   <br>&#8211; Un droit d\u2019opposition au traitement : vous avez le droit de vous opposer \u00e0 tout moment au traitement de vos donn\u00e9es pour les traitements bas\u00e9s sur notre int\u00e9r\u00eat l\u00e9gitime, une mission d\u2019int\u00e9r\u00eat public. Ceci n\u2019est pas un droit absolu et nous pouvons pour des raisons l\u00e9gales ou l\u00e9gitimes refuser votre demande d\u2019opposition. <br>&#8211; Le droit de retirer votre consentement \u00e0 tout moment : vous pouvez retirer votre consentement au traitement de vos donn\u00e9es lorsque le traitement est fond\u00e9 sur votre consentement. Le retrait du consentement ne compromet pas la lic\u00e9it\u00e9 du traitement fond\u00e9 sur le consentement effectu\u00e9 avant ce retrait. <br>&#8211; Le droit de d\u00e9poser une plainte aupr\u00e8s d\u2019une autorit\u00e9 de contr\u00f4le : vous avez le droit de contacter votre autorit\u00e9 de protection des donn\u00e9es pour vous plaindre de nos pratiques de protection des donn\u00e9es personnelles.<br>&#8211; Le droit de donner des directives concernant le sort de vos donn\u00e9es apr\u00e8s votre d\u00e9c\u00e8s.<\/p><p>Au Li\u00e9geur donnera suite \u00e0 tout exercice de droit dans les meilleurs d\u00e9lais et en tout \u00e9tat de cause dans un d\u00e9lai de 30 jours \u00e0 compter de la r\u00e9ception de la demande.<\/p><p>Au Li\u00e9geur se r\u00e9serve le droit :<\/p><p>&#8211; De demander une preuve de l\u2019identit\u00e9 du demandeur en cas de doute raisonnable sur cette derni\u00e8re et ce afin de respecter son obligation de confidentialit\u00e9.<br>&#8211; De prolonger le d\u00e9lai de r\u00e9ponse de deux mois, informant alors le demandeur de cette prolongation et des motifs du report dans un d\u00e9lai d\u2019un mois \u00e0 compter de la r\u00e9ception de la demande.<br>&#8211; De refuser de r\u00e9pondre \u00e0 un exercice de droit si celui-ci \u00e9tait consid\u00e9r\u00e9 comme abusif (au vu de leur nombre, de leur caract\u00e8re r\u00e9p\u00e9titif ou syst\u00e9matique).<\/p><p><strong>Comment exercer vos droits sur vos donn\u00e9es personnelles ?<\/strong><\/p><p>Pour exercer vos droits, vous pouvez nous contacter \u00e0 l\u2019adresse suivante :<br>Au Li\u00e9geur &#8211; 9, avenue du Mar\u00e9chal Leclerc &#8211; 40140 Soustons &#8211; T\u00e9l\u00e9phone : +33 (0)5 58 41 18 65<\/p><p>Si, en d\u00e9pit de nos efforts et de nos engagements, vous estimez que vos droits concernant vos donn\u00e9es personnelles n\u2019\u00e9taient pas respect\u00e9s, vous pouvez adresser une r\u00e9clamation aupr\u00e8s de la Commission Nationale Informatique et Libert\u00e9s :<\/p><p>CNIL<br>3 Place de Fontenoy<br>TSA 80715<br>75334 Paris Cedex 07<\/p>\t\t\t\t\t\t\t\t<\/div>\n\t\t\t\t\t<\/div>\n\t\t\t\t<\/div>\n\t\t\t\t<\/div>\n\t\t","protected":false},"excerpt":{"rendered":"<p>Privacy policy La soci\u00e9t\u00e9 Au Li\u00e9geur s\u2019engage en faveur de la protection des donn\u00e9es personnelles et de la vie priv\u00e9e des Utilisateurs. \u00c0 ce titre, et en application du R\u00e8glement G\u00e9n\u00e9ral de Protection des Donn\u00e9es (ci-apr\u00e8s d\u00e9nomm\u00e9 \u00ab RGPD \u00bb), nous vous communiquons ci-apr\u00e8s les conditions dans lesquelles vos donn\u00e9es personnelles sont appel\u00e9es \u00e0 \u00eatre [&hellip;]<\/p>\n","protected":false},"author":1,"featured_media":0,"parent":0,"menu_order":0,"comment_status":"closed","ping_status":"closed","template":"","meta":{"_acf_changed":false,"_monsterinsights_skip_tracking":false,"_monsterinsights_sitenote_active":false,"_monsterinsights_sitenote_note":"","_monsterinsights_sitenote_category":0,"footnotes":""},"class_list":["post-4414","page","type-page","status-publish","hentry"],"acf":[],"aioseo_notices":[],"_links":{"self":[{"href":"https:\/\/www.au-liegeur.com\/en\/wp-json\/wp\/v2\/pages\/4414","targetHints":{"allow":["GET"]}}],"collection":[{"href":"https:\/\/www.au-liegeur.com\/en\/wp-json\/wp\/v2\/pages"}],"about":[{"href":"https:\/\/www.au-liegeur.com\/en\/wp-json\/wp\/v2\/types\/page"}],"author":[{"embeddable":true,"href":"https:\/\/www.au-liegeur.com\/en\/wp-json\/wp\/v2\/users\/1"}],"replies":[{"embeddable":true,"href":"https:\/\/www.au-liegeur.com\/en\/wp-json\/wp\/v2\/comments?post=4414"}],"version-history":[{"count":0,"href":"https:\/\/www.au-liegeur.com\/en\/wp-json\/wp\/v2\/pages\/4414\/revisions"}],"wp:attachment":[{"href":"https:\/\/www.au-liegeur.com\/en\/wp-json\/wp\/v2\/media?parent=4414"}],"curies":[{"name":"wp","href":"https:\/\/api.w.org\/{rel}","templated":true}]}}